{"id":36348,"date":"2021-06-24T22:32:31","date_gmt":"2021-06-24T20:32:31","guid":{"rendered":"https:\/\/egypuppy.com\/egypuppy-blog-ar\/"},"modified":"2021-07-30T01:00:05","modified_gmt":"2021-07-29T23:00:05","slug":"egypuppy-blog-ar","status":"publish","type":"page","link":"https:\/\/egypuppy.com\/ar\/egypuppy-blog-ar\/","title":{"rendered":"\u0645\u062f\u0648\u0646\u0629 \u0627\u064a\u062c\u0649 \u0628\u0627\u0628\u0649"},"content":{"rendered":"\t\t<div data-elementor-type=\"wp-page\" data-elementor-id=\"36348\" class=\"elementor elementor-36348 elementor-41\" data-elementor-post-type=\"page\">\n\t\t\t\t\t\t<section class=\"elementor-section elementor-top-section elementor-element elementor-element-f64d1a2 elementor-section-boxed elementor-section-height-default elementor-section-height-default\" data-id=\"f64d1a2\" data-element_type=\"section\">\n\t\t\t\t\t\t<div class=\"elementor-container elementor-column-gap-default\">\n\t\t\t\t\t<div class=\"elementor-column elementor-col-100 elementor-top-column elementor-element elementor-element-4232761\" data-id=\"4232761\" data-element_type=\"column\">\n\t\t\t<div class=\"elementor-widget-wrap elementor-element-populated\">\n\t\t\t\t\t\t<div class=\"elementor-element elementor-element-5a04178 elementor-grid-5 elementor-grid-tablet-2 elementor-grid-mobile-1 elementor-posts--thumbnail-top elementor-card-shadow-yes elementor-posts__hover-gradient elementor-widget elementor-widget-posts\" data-id=\"5a04178\" data-element_type=\"widget\" data-settings=\"{&quot;cards_columns&quot;:&quot;5&quot;,&quot;cards_row_gap&quot;:{&quot;unit&quot;:&quot;px&quot;,&quot;size&quot;:20,&quot;sizes&quot;:[]},&quot;pagination_type&quot;:&quot;numbers_and_prev_next&quot;,&quot;cards_columns_tablet&quot;:&quot;2&quot;,&quot;cards_columns_mobile&quot;:&quot;1&quot;,&quot;cards_row_gap_tablet&quot;:{&quot;unit&quot;:&quot;px&quot;,&quot;size&quot;:&quot;&quot;,&quot;sizes&quot;:[]},&quot;cards_row_gap_mobile&quot;:{&quot;unit&quot;:&quot;px&quot;,&quot;size&quot;:&quot;&quot;,&quot;sizes&quot;:[]}}\" data-widget_type=\"posts.cards\">\n\t\t\t\t<div class=\"elementor-widget-container\">\n\t\t\t\t\t<div class=\"elementor-posts-container elementor-posts elementor-posts--skin-cards elementor-grid\">\n\t\t\t\t<article class=\"elementor-post elementor-grid-item post-78510 post type-post status-publish format-standard hentry category-public\">\n\t\t\t<div class=\"elementor-post__card\">\n\t\t\t\t<div class=\"elementor-post__text\">\n\t\t\t\t<h3 class=\"elementor-post__title\">\n\t\t\t<a href=\"https:\/\/egypuppy.com\/ar\/regulaciones-legales-en-los-casinos-un-analisis-2\/\" >\n\t\t\t\tRegulaciones legales en los casinos un an\u00e1lisis global y su impacto en los jugadores\t\t\t<\/a>\n\t\t<\/h3>\n\t\t\t\t<\/div>\n\t\t\t\t<div class=\"elementor-post__meta-data\">\n\t\t\t\t\t<span class=\"elementor-post-date\">\n\t\t\t\u0623\u0628\u0631\u064a\u0644 22, 2026\t\t<\/span>\n\t\t\t\t<\/div>\n\t\t\t\t\t<\/div>\n\t\t<\/article>\n\t\t\t\t<article class=\"elementor-post elementor-grid-item post-78506 post type-post status-publish format-standard hentry category-public\">\n\t\t\t<div class=\"elementor-post__card\">\n\t\t\t\t<div class=\"elementor-post__text\">\n\t\t\t\t<h3 class=\"elementor-post__title\">\n\t\t\t<a href=\"https:\/\/egypuppy.com\/ar\/desmontando-mitos-la-verdad-sobre-pin-up-y-el\/\" >\n\t\t\t\tDesmontando mitos La verdad sobre Pin Up y el juego responsable\t\t\t<\/a>\n\t\t<\/h3>\n\t\t\t\t<\/div>\n\t\t\t\t<div class=\"elementor-post__meta-data\">\n\t\t\t\t\t<span class=\"elementor-post-date\">\n\t\t\t\u0623\u0628\u0631\u064a\u0644 22, 2026\t\t<\/span>\n\t\t\t\t<\/div>\n\t\t\t\t\t<\/div>\n\t\t<\/article>\n\t\t\t\t<article class=\"elementor-post elementor-grid-item post-78504 post type-post status-publish format-standard hentry category-public\">\n\t\t\t<div class=\"elementor-post__card\">\n\t\t\t\t<div class=\"elementor-post__text\">\n\t\t\t\t<h3 class=\"elementor-post__title\">\n\t\t\t<a href=\"https:\/\/egypuppy.com\/ar\/psihologija-azartnyh-igr-kak-pinco-casino-vlijaet-8\/\" >\n\t\t\t\t\u041f\u0441\u0438\u0445\u043e\u043b\u043e\u0433\u0438\u044f \u0430\u0437\u0430\u0440\u0442\u043d\u044b\u0445 \u0438\u0433\u0440 \u043a\u0430\u043a Pinco casino \u0432\u043b\u0438\u044f\u0435\u0442 \u043d\u0430 \u043f\u043e\u0432\u0435\u0434\u0435\u043d\u0438\u0435 \u0438\u0433\u0440\u043e\u043a\u043e\u0432\t\t\t<\/a>\n\t\t<\/h3>\n\t\t\t\t<\/div>\n\t\t\t\t<div class=\"elementor-post__meta-data\">\n\t\t\t\t\t<span class=\"elementor-post-date\">\n\t\t\t\u0623\u0628\u0631\u064a\u0644 22, 2026\t\t<\/span>\n\t\t\t\t<\/div>\n\t\t\t\t\t<\/div>\n\t\t<\/article>\n\t\t\t\t<article class=\"elementor-post elementor-grid-item post-78508 post type-post status-publish format-standard hentry category-public\">\n\t\t\t<div class=\"elementor-post__card\">\n\t\t\t\t<div class=\"elementor-post__text\">\n\t\t\t\t<h3 class=\"elementor-post__title\">\n\t\t\t<a href=\"https:\/\/egypuppy.com\/ar\/kazino-turaly-mifter-men-shyndytar-pin-up-aryly\/\" >\n\t\t\t\t\u041a\u0430\u0437\u0438\u043d\u043e \u0442\u0443\u0440\u0430\u043b\u044b \u043c\u0438\u0444\u0442\u0435\u0440 \u043c\u0435\u043d \u0448\u044b\u043d\u0434\u044b\u049b\u0442\u0430\u0440 Pin Up \u0430\u0440\u049b\u044b\u043b\u044b \u0430\u0439\u049b\u044b\u043d\u0434\u044b\u049b\u049b\u0430 \u0436\u0435\u0442\u0443\t\t\t<\/a>\n\t\t<\/h3>\n\t\t\t\t<\/div>\n\t\t\t\t<div class=\"elementor-post__meta-data\">\n\t\t\t\t\t<span class=\"elementor-post-date\">\n\t\t\t\u0623\u0628\u0631\u064a\u0644 22, 2026\t\t<\/span>\n\t\t\t\t<\/div>\n\t\t\t\t\t<\/div>\n\t\t<\/article>\n\t\t\t\t<article class=\"elementor-post elementor-grid-item post-78501 post type-post status-publish format-standard hentry category-public\">\n\t\t\t<div class=\"elementor-post__card\">\n\t\t\t\t<div class=\"elementor-post__text\">\n\t\t\t\t<h3 class=\"elementor-post__title\">\n\t\t\t<a href=\"https:\/\/egypuppy.com\/ar\/technologieen-die-de-toekomst-van-gokken-vormen\/\" >\n\t\t\t\tTechnologie\u00ebn die de toekomst van gokken vormen\t\t\t<\/a>\n\t\t<\/h3>\n\t\t\t\t<\/div>\n\t\t\t\t<div class=\"elementor-post__meta-data\">\n\t\t\t\t\t<span class=\"elementor-post-date\">\n\t\t\t\u0623\u0628\u0631\u064a\u0644 22, 2026\t\t<\/span>\n\t\t\t\t<\/div>\n\t\t\t\t\t<\/div>\n\t\t<\/article>\n\t\t\t\t<article class=\"elementor-post elementor-grid-item post-78493 post type-post status-publish format-standard hentry category-public\">\n\t\t\t<div class=\"elementor-post__card\">\n\t\t\t\t<div class=\"elementor-post__text\">\n\t\t\t\t<h3 class=\"elementor-post__title\">\n\t\t\t<a href=\"https:\/\/egypuppy.com\/ar\/maomoi-onunii-boz-dar-toikiston-ronamoi-pursharaf\/\" >\n\t\t\t\t\u041c\u0430\u049b\u043e\u043c\u04b3\u043e\u0438 \u049b\u043e\u043d\u0443\u043d\u0438\u0438 \u0431\u043e\u0437\u04e3 \u0434\u0430\u0440 \u0422\u043e\u04b7\u0438\u043a\u0438\u0441\u0442\u043e\u043d \u0420\u043e\u04b3\u043d\u0430\u043c\u043e\u0438 \u043f\u0443\u0440\u0448\u0430\u0440\u0430\u0444 \u0431\u0430\u0440\u043e\u0438 Pinco casino\t\t\t<\/a>\n\t\t<\/h3>\n\t\t\t\t<\/div>\n\t\t\t\t<div class=\"elementor-post__meta-data\">\n\t\t\t\t\t<span class=\"elementor-post-date\">\n\t\t\t\u0623\u0628\u0631\u064a\u0644 22, 2026\t\t<\/span>\n\t\t\t\t<\/div>\n\t\t\t\t\t<\/div>\n\t\t<\/article>\n\t\t\t\t<article class=\"elementor-post elementor-grid-item post-78491 post type-post status-publish format-standard hentry category-public\">\n\t\t\t<div class=\"elementor-post__card\">\n\t\t\t\t<div class=\"elementor-post__text\">\n\t\t\t\t<h3 class=\"elementor-post__title\">\n\t\t\t<a href=\"https:\/\/egypuppy.com\/ar\/kak-vybrat-luchshie-bonusy-v-kazino-pin-up\/\" >\n\t\t\t\t\u041a\u0430\u043a \u0432\u044b\u0431\u0440\u0430\u0442\u044c \u043b\u0443\u0447\u0448\u0438\u0435 \u0431\u043e\u043d\u0443\u0441\u044b \u0432 \u043a\u0430\u0437\u0438\u043d\u043e Pin Up\t\t\t<\/a>\n\t\t<\/h3>\n\t\t\t\t<\/div>\n\t\t\t\t<div class=\"elementor-post__meta-data\">\n\t\t\t\t\t<span class=\"elementor-post-date\">\n\t\t\t\u0623\u0628\u0631\u064a\u0644 22, 2026\t\t<\/span>\n\t\t\t\t<\/div>\n\t\t\t\t\t<\/div>\n\t\t<\/article>\n\t\t\t\t<article class=\"elementor-post elementor-grid-item post-78495 post type-post status-publish format-standard hentry category-public\">\n\t\t\t<div class=\"elementor-post__card\">\n\t\t\t\t<div class=\"elementor-post__text\">\n\t\t\t\t<h3 class=\"elementor-post__title\">\n\t\t\t<a href=\"https:\/\/egypuppy.com\/ar\/how-to-get-started-with-gambling-the-ultimate\/\" >\n\t\t\t\tHow to Get Started with Gambling The Ultimate Guide for Beginners\t\t\t<\/a>\n\t\t<\/h3>\n\t\t\t\t<\/div>\n\t\t\t\t<div class=\"elementor-post__meta-data\">\n\t\t\t\t\t<span class=\"elementor-post-date\">\n\t\t\t\u0623\u0628\u0631\u064a\u0644 22, 2026\t\t<\/span>\n\t\t\t\t<\/div>\n\t\t\t\t\t<\/div>\n\t\t<\/article>\n\t\t\t\t<article class=\"elementor-post elementor-grid-item post-78487 post type-post status-publish format-standard hentry category-public\">\n\t\t\t<div class=\"elementor-post__card\">\n\t\t\t\t<div class=\"elementor-post__text\">\n\t\t\t\t<h3 class=\"elementor-post__title\">\n\t\t\t<a href=\"https:\/\/egypuppy.com\/ar\/topovye-igry-kazino-chto-vybrat-dlja-udachnoj-igry\/\" >\n\t\t\t\t\u0422\u043e\u043f\u043e\u0432\u044b\u0435 \u0438\u0433\u0440\u044b \u043a\u0430\u0437\u0438\u043d\u043e \u0447\u0442\u043e \u0432\u044b\u0431\u0440\u0430\u0442\u044c \u0434\u043b\u044f \u0443\u0434\u0430\u0447\u043d\u043e\u0439 \u0438\u0433\u0440\u044b\t\t\t<\/a>\n\t\t<\/h3>\n\t\t\t\t<\/div>\n\t\t\t\t<div class=\"elementor-post__meta-data\">\n\t\t\t\t\t<span class=\"elementor-post-date\">\n\t\t\t\u0623\u0628\u0631\u064a\u0644 22, 2026\t\t<\/span>\n\t\t\t\t<\/div>\n\t\t\t\t\t<\/div>\n\t\t<\/article>\n\t\t\t\t<article class=\"elementor-post elementor-grid-item post-78489 post type-post status-publish format-standard hentry category-public\">\n\t\t\t<div class=\"elementor-post__card\">\n\t\t\t\t<div class=\"elementor-post__text\">\n\t\t\t\t<h3 class=\"elementor-post__title\">\n\t\t\t<a href=\"https:\/\/egypuppy.com\/ar\/etiqueta-en-el-casino-consejos-esenciales-para-una-2\/\" >\n\t\t\t\tEtiqueta en el casino consejos esenciales para una experiencia inolvidable con Chicken Road 2 casino\t\t\t<\/a>\n\t\t<\/h3>\n\t\t\t\t<\/div>\n\t\t\t\t<div class=\"elementor-post__meta-data\">\n\t\t\t\t\t<span class=\"elementor-post-date\">\n\t\t\t\u0623\u0628\u0631\u064a\u0644 21, 2026\t\t<\/span>\n\t\t\t\t<\/div>\n\t\t\t\t\t<\/div>\n\t\t<\/article>\n\t\t\t\t<article class=\"elementor-post elementor-grid-item post-78485 post type-post status-publish format-standard hentry category-public\">\n\t\t\t<div class=\"elementor-post__card\">\n\t\t\t\t<div class=\"elementor-post__text\">\n\t\t\t\t<h3 class=\"elementor-post__title\">\n\t\t\t<a href=\"https:\/\/egypuppy.com\/ar\/future-trends-in-gaming-what-aviator-game-predicts-3\/\" >\n\t\t\t\tFuture trends in gaming What Aviator Game predicts for the casino landscape\t\t\t<\/a>\n\t\t<\/h3>\n\t\t\t\t<\/div>\n\t\t\t\t<div class=\"elementor-post__meta-data\">\n\t\t\t\t\t<span class=\"elementor-post-date\">\n\t\t\t\u0623\u0628\u0631\u064a\u0644 21, 2026\t\t<\/span>\n\t\t\t\t<\/div>\n\t\t\t\t\t<\/div>\n\t\t<\/article>\n\t\t\t\t<article class=\"elementor-post elementor-grid-item post-78483 post type-post status-publish format-standard hentry category-public\">\n\t\t\t<div class=\"elementor-post__card\">\n\t\t\t\t<div class=\"elementor-post__text\">\n\t\t\t\t<h3 class=\"elementor-post__title\">\n\t\t\t<a href=\"https:\/\/egypuppy.com\/ar\/regulaciones-legales-en-el-juego-impacto-de-mi\/\" >\n\t\t\t\tRegulaciones legales en el juego Impacto de Mi Casino en la industria del azar\t\t\t<\/a>\n\t\t<\/h3>\n\t\t\t\t<\/div>\n\t\t\t\t<div class=\"elementor-post__meta-data\">\n\t\t\t\t\t<span class=\"elementor-post-date\">\n\t\t\t\u0623\u0628\u0631\u064a\u0644 21, 2026\t\t<\/span>\n\t\t\t\t<\/div>\n\t\t\t\t\t<\/div>\n\t\t<\/article>\n\t\t\t\t<article class=\"elementor-post elementor-grid-item post-78481 post type-post status-publish format-standard hentry category-public\">\n\t\t\t<div class=\"elementor-post__card\">\n\t\t\t\t<div class=\"elementor-post__text\">\n\t\t\t\t<h3 class=\"elementor-post__title\">\n\t\t\t<a href=\"https:\/\/egypuppy.com\/ar\/kazinoda-jetika-ojynyyzdy-alaj-tiimdi-zhrgizuge\/\" >\n\t\t\t\t\u041a\u0430\u0437\u0438\u043d\u043e\u0434\u0430 \u044d\u0442\u0438\u043a\u0430 \u041e\u0439\u044b\u043d\u044b\u04a3\u044b\u0437\u0434\u044b \u049b\u0430\u043b\u0430\u0439 \u0442\u0438\u0456\u043c\u0434\u0456 \u0436\u04af\u0440\u0433\u0456\u0437\u0443\u0433\u0435 \u0431\u043e\u043b\u0430\u0434\u044b Pin-Up casino\t\t\t<\/a>\n\t\t<\/h3>\n\t\t\t\t<\/div>\n\t\t\t\t<div class=\"elementor-post__meta-data\">\n\t\t\t\t\t<span class=\"elementor-post-date\">\n\t\t\t\u0623\u0628\u0631\u064a\u0644 21, 2026\t\t<\/span>\n\t\t\t\t<\/div>\n\t\t\t\t\t<\/div>\n\t\t<\/article>\n\t\t\t\t<article class=\"elementor-post elementor-grid-item post-78476 post type-post status-publish format-standard hentry category-public\">\n\t\t\t<div class=\"elementor-post__card\">\n\t\t\t\t<div class=\"elementor-post__text\">\n\t\t\t\t<h3 class=\"elementor-post__title\">\n\t\t\t<a href=\"https:\/\/egypuppy.com\/ar\/ansvarsfullt-spelande-tips-for-en-battre\/\" >\n\t\t\t\tAnsvarsfullt spelande tips f\u00f6r en b\u00e4ttre spelupplevelse\t\t\t<\/a>\n\t\t<\/h3>\n\t\t\t\t<\/div>\n\t\t\t\t<div class=\"elementor-post__meta-data\">\n\t\t\t\t\t<span class=\"elementor-post-date\">\n\t\t\t\u0623\u0628\u0631\u064a\u0644 21, 2026\t\t<\/span>\n\t\t\t\t<\/div>\n\t\t\t\t\t<\/div>\n\t\t<\/article>\n\t\t\t\t<article class=\"elementor-post elementor-grid-item post-78479 post type-post status-publish format-standard hentry category-public\">\n\t\t\t<div class=\"elementor-post__card\">\n\t\t\t\t<div class=\"elementor-post__text\">\n\t\t\t\t<h3 class=\"elementor-post__title\">\n\t\t\t<a href=\"https:\/\/egypuppy.com\/ar\/big-wins-and-devastating-losses-a-deep-dive-into\/\" >\n\t\t\t\tBig wins and devastating losses a deep dive into gambling&#x27;s most shocking stories\t\t\t<\/a>\n\t\t<\/h3>\n\t\t\t\t<\/div>\n\t\t\t\t<div class=\"elementor-post__meta-data\">\n\t\t\t\t\t<span class=\"elementor-post-date\">\n\t\t\t\u0623\u0628\u0631\u064a\u0644 21, 2026\t\t<\/span>\n\t\t\t\t<\/div>\n\t\t\t\t\t<\/div>\n\t\t<\/article>\n\t\t\t\t<article class=\"elementor-post elementor-grid-item post-78474 post type-post status-publish format-standard hentry category-public\">\n\t\t\t<div class=\"elementor-post__card\">\n\t\t\t\t<div class=\"elementor-post__text\">\n\t\t\t\t<h3 class=\"elementor-post__title\">\n\t\t\t<a href=\"https:\/\/egypuppy.com\/ar\/consideraciones-eticas-en-el-juego-cuando-es\/\" >\n\t\t\t\tConsideraciones \u00e9ticas en el juego \u00bfCu\u00e1ndo es responsable apostar con lucky days casino\t\t\t<\/a>\n\t\t<\/h3>\n\t\t\t\t<\/div>\n\t\t\t\t<div class=\"elementor-post__meta-data\">\n\t\t\t\t\t<span class=\"elementor-post-date\">\n\t\t\t\u0623\u0628\u0631\u064a\u0644 21, 2026\t\t<\/span>\n\t\t\t\t<\/div>\n\t\t\t\t\t<\/div>\n\t\t<\/article>\n\t\t\t\t<article class=\"elementor-post elementor-grid-item post-78468 post type-post status-publish format-standard hentry category-public\">\n\t\t\t<div class=\"elementor-post__card\">\n\t\t\t\t<div class=\"elementor-post__text\">\n\t\t\t\t<h3 class=\"elementor-post__title\">\n\t\t\t<a href=\"https:\/\/egypuppy.com\/ar\/technology-and-gambling-how-digital-innovations\/\" >\n\t\t\t\tTechnology and Gambling How Digital Innovations are Transforming the Betting World\t\t\t<\/a>\n\t\t<\/h3>\n\t\t\t\t<\/div>\n\t\t\t\t<div class=\"elementor-post__meta-data\">\n\t\t\t\t\t<span class=\"elementor-post-date\">\n\t\t\t\u0623\u0628\u0631\u064a\u0644 21, 2026\t\t<\/span>\n\t\t\t\t<\/div>\n\t\t\t\t\t<\/div>\n\t\t<\/article>\n\t\t\t\t<article class=\"elementor-post elementor-grid-item post-78466 post type-post status-publish format-standard hentry category-public\">\n\t\t\t<div class=\"elementor-post__card\">\n\t\t\t\t<div class=\"elementor-post__text\">\n\t\t\t\t<h3 class=\"elementor-post__title\">\n\t\t\t<a href=\"https:\/\/egypuppy.com\/ar\/zakonodatelstvo-o-azartnyh-igrah-v-raznyh-regionah\/\" >\n\t\t\t\t\u0417\u0430\u043a\u043e\u043d\u043e\u0434\u0430\u0442\u0435\u043b\u044c\u0441\u0442\u0432\u043e \u043e \u0430\u0437\u0430\u0440\u0442\u043d\u044b\u0445 \u0438\u0433\u0440\u0430\u0445 \u0432 \u0440\u0430\u0437\u043d\u044b\u0445 \u0440\u0435\u0433\u0438\u043e\u043d\u0430\u0445 \u043a\u043b\u044e\u0447\u0435\u0432\u044b\u0435 \u043c\u043e\u043c\u0435\u043d\u0442\u044b \u0434\u043b\u044f Pinco casino\t\t\t<\/a>\n\t\t<\/h3>\n\t\t\t\t<\/div>\n\t\t\t\t<div class=\"elementor-post__meta-data\">\n\t\t\t\t\t<span class=\"elementor-post-date\">\n\t\t\t\u0623\u0628\u0631\u064a\u0644 21, 2026\t\t<\/span>\n\t\t\t\t<\/div>\n\t\t\t\t\t<\/div>\n\t\t<\/article>\n\t\t\t\t<article class=\"elementor-post elementor-grid-item post-78462 post type-post status-publish format-standard hentry category-public\">\n\t\t\t<div class=\"elementor-post__card\">\n\t\t\t\t<div class=\"elementor-post__text\">\n\t\t\t\t<h3 class=\"elementor-post__title\">\n\t\t\t<a href=\"https:\/\/egypuppy.com\/ar\/budushhee-azartnyh-igr-kakie-trendy-formirujut\/\" >\n\t\t\t\t\u0411\u0443\u0434\u0443\u0449\u0435\u0435 \u0430\u0437\u0430\u0440\u0442\u043d\u044b\u0445 \u0438\u0433\u0440 \u043a\u0430\u043a\u0438\u0435 \u0442\u0440\u0435\u043d\u0434\u044b \u0444\u043e\u0440\u043c\u0438\u0440\u0443\u044e\u0442 \u0440\u044b\u043d\u043e\u043a Pinco casino\t\t\t<\/a>\n\t\t<\/h3>\n\t\t\t\t<\/div>\n\t\t\t\t<div class=\"elementor-post__meta-data\">\n\t\t\t\t\t<span class=\"elementor-post-date\">\n\t\t\t\u0623\u0628\u0631\u064a\u0644 21, 2026\t\t<\/span>\n\t\t\t\t<\/div>\n\t\t\t\t\t<\/div>\n\t\t<\/article>\n\t\t\t\t<article class=\"elementor-post elementor-grid-item post-78472 post type-post status-publish format-standard hentry category-public\">\n\t\t\t<div class=\"elementor-post__card\">\n\t\t\t\t<div class=\"elementor-post__text\">\n\t\t\t\t<h3 class=\"elementor-post__title\">\n\t\t\t<a href=\"https:\/\/egypuppy.com\/ar\/future-trends-in-gaming-what-to-expect-in-the\/\" >\n\t\t\t\tFuture trends in gaming What to expect in the evolving landscape of gambling\t\t\t<\/a>\n\t\t<\/h3>\n\t\t\t\t<\/div>\n\t\t\t\t<div class=\"elementor-post__meta-data\">\n\t\t\t\t\t<span class=\"elementor-post-date\">\n\t\t\t\u0623\u0628\u0631\u064a\u0644 21, 2026\t\t<\/span>\n\t\t\t\t<\/div>\n\t\t\t\t\t<\/div>\n\t\t<\/article>\n\t\t\t\t<article class=\"elementor-post elementor-grid-item post-78456 post type-post status-publish format-standard hentry category-public\">\n\t\t\t<div class=\"elementor-post__card\">\n\t\t\t\t<div class=\"elementor-post__text\">\n\t\t\t\t<h3 class=\"elementor-post__title\">\n\t\t\t<a href=\"https:\/\/egypuppy.com\/ar\/guten-benehmen-im-casino-tipps-fur-den-perfekten\/\" >\n\t\t\t\tGuten Benehmen im Casino Tipps f\u00fcr den perfekten Abend\t\t\t<\/a>\n\t\t<\/h3>\n\t\t\t\t<\/div>\n\t\t\t\t<div class=\"elementor-post__meta-data\">\n\t\t\t\t\t<span class=\"elementor-post-date\">\n\t\t\t\u0623\u0628\u0631\u064a\u0644 21, 2026\t\t<\/span>\n\t\t\t\t<\/div>\n\t\t\t\t\t<\/div>\n\t\t<\/article>\n\t\t\t\t<article class=\"elementor-post elementor-grid-item post-78470 post type-post status-publish format-standard hentry category-public\">\n\t\t\t<div class=\"elementor-post__card\">\n\t\t\t\t<div class=\"elementor-post__text\">\n\t\t\t\t<h3 class=\"elementor-post__title\">\n\t\t\t<a href=\"https:\/\/egypuppy.com\/ar\/qumar-asll-sizi-nec-tsir-edir-v-qarsn-alman-yollar\/\" >\n\t\t\t\tQumar as\u0131l\u0131l\u0131\u011f\u0131 Sizi nec\u0259 t\u0259sir edir v\u0259 qar\u015f\u0131s\u0131n\u0131 alma\u011f\u0131n yollar\u0131\t\t\t<\/a>\n\t\t<\/h3>\n\t\t\t\t<\/div>\n\t\t\t\t<div class=\"elementor-post__meta-data\">\n\t\t\t\t\t<span class=\"elementor-post-date\">\n\t\t\t\u0623\u0628\u0631\u064a\u0644 21, 2026\t\t<\/span>\n\t\t\t\t<\/div>\n\t\t\t\t\t<\/div>\n\t\t<\/article>\n\t\t\t\t<article class=\"elementor-post elementor-grid-item post-78460 post type-post status-publish format-standard hentry category-public\">\n\t\t\t<div class=\"elementor-post__card\">\n\t\t\t\t<div class=\"elementor-post__text\">\n\t\t\t\t<h3 class=\"elementor-post__title\">\n\t\t\t<a href=\"https:\/\/egypuppy.com\/ar\/how-gambling-shapes-social-dynamics-in-modern\/\" >\n\t\t\t\tHow gambling shapes social dynamics in modern communities\t\t\t<\/a>\n\t\t<\/h3>\n\t\t\t\t<\/div>\n\t\t\t\t<div class=\"elementor-post__meta-data\">\n\t\t\t\t\t<span class=\"elementor-post-date\">\n\t\t\t\u0623\u0628\u0631\u064a\u0644 21, 2026\t\t<\/span>\n\t\t\t\t<\/div>\n\t\t\t\t\t<\/div>\n\t\t<\/article>\n\t\t\t\t<article class=\"elementor-post elementor-grid-item post-78454 post type-post status-publish format-standard hentry category-public\">\n\t\t\t<div class=\"elementor-post__card\">\n\t\t\t\t<div class=\"elementor-post__text\">\n\t\t\t\t<h3 class=\"elementor-post__title\">\n\t\t\t<a href=\"https:\/\/egypuppy.com\/ar\/maximizing-your-rewards-strategies-to-enhance\/\" >\n\t\t\t\tMaximizing your rewards Strategies to enhance casino bonuses and promotions\t\t\t<\/a>\n\t\t<\/h3>\n\t\t\t\t<\/div>\n\t\t\t\t<div class=\"elementor-post__meta-data\">\n\t\t\t\t\t<span class=\"elementor-post-date\">\n\t\t\t\u0623\u0628\u0631\u064a\u0644 21, 2026\t\t<\/span>\n\t\t\t\t<\/div>\n\t\t\t\t\t<\/div>\n\t\t<\/article>\n\t\t\t\t<article class=\"elementor-post elementor-grid-item post-78452 post type-post status-publish format-standard hentry category-public\">\n\t\t\t<div class=\"elementor-post__card\">\n\t\t\t\t<div class=\"elementor-post__text\">\n\t\t\t\t<h3 class=\"elementor-post__title\">\n\t\t\t<a href=\"https:\/\/egypuppy.com\/ar\/yasal-duzenlemeler-acsndan-pinco-ile-turkiye-x27\/\" >\n\t\t\t\tYasal d\u00fczenlemeler a\u00e7\u0131s\u0131ndan Pinco ile T\u00fcrkiye&#x27;deki kumar g\u00fcvenli\u011fi nas\u0131l sa\u011flan\u0131r\t\t\t<\/a>\n\t\t<\/h3>\n\t\t\t\t<\/div>\n\t\t\t\t<div class=\"elementor-post__meta-data\">\n\t\t\t\t\t<span class=\"elementor-post-date\">\n\t\t\t\u0623\u0628\u0631\u064a\u0644 21, 2026\t\t<\/span>\n\t\t\t\t<\/div>\n\t\t\t\t\t<\/div>\n\t\t<\/article>\n\t\t\t\t<\/div>\n\t\t\n\t\t\t\t<div class=\"e-load-more-anchor\" data-page=\"1\" data-max-page=\"435\" data-next-page=\"https:\/\/egypuppy.com\/ar\/wp-json\/wp\/v2\/pages\/36348\/page\/2\/\"><\/div>\n\t\t\t\t<nav class=\"elementor-pagination\" aria-label=\"Pagination\">\n\t\t\t<span class=\"page-numbers prev\">\u00ab \u0627\u0644\u0635\u0641\u062d\u0629 \u0627\u0644\u0633\u0627\u0628\u0642\u0629<\/span>\n<span aria-current=\"page\" class=\"page-numbers current\"><span class=\"elementor-screen-only\">Page<\/span>1<\/span>\n<a class=\"page-numbers\" href=\"https:\/\/egypuppy.com\/ar\/wp-json\/wp\/v2\/pages\/36348\/page\/2\/\"><span class=\"elementor-screen-only\">Page<\/span>2<\/a>\n<a class=\"page-numbers\" href=\"https:\/\/egypuppy.com\/ar\/wp-json\/wp\/v2\/pages\/36348\/page\/3\/\"><span class=\"elementor-screen-only\">Page<\/span>3<\/a>\n<span class=\"page-numbers dots\">&hellip;<\/span>\n<a class=\"page-numbers\" href=\"https:\/\/egypuppy.com\/ar\/wp-json\/wp\/v2\/pages\/36348\/page\/5\/\"><span class=\"elementor-screen-only\">Page<\/span>5<\/a>\n<a class=\"page-numbers next\" href=\"https:\/\/egypuppy.com\/ar\/wp-json\/wp\/v2\/pages\/36348\/page\/2\/\">\u0627\u0644\u062a\u0627\u0644\u064a \u00bb<\/a>\t\t<\/nav>\n\t\t\t\t<\/div>\n\t\t\t\t<\/div>\n\t\t\t\t\t<\/div>\n\t\t<\/div>\n\t\t\t\t\t<\/div>\n\t\t<\/section>\n\t\t\t\t<\/div>\n\t\t","protected":false},"excerpt":{"rendered":"","protected":false},"author":226,"featured_media":0,"parent":0,"menu_order":0,"comment_status":"closed","ping_status":"closed","template":"","meta":{"footnotes":""},"class_list":["post-36348","page","type-page","status-publish","hentry"],"jetpack_sharing_enabled":true,"_links":{"self":[{"href":"https:\/\/egypuppy.com\/ar\/wp-json\/wp\/v2\/pages\/36348","targetHints":{"allow":["GET"]}}],"collection":[{"href":"https:\/\/egypuppy.com\/ar\/wp-json\/wp\/v2\/pages"}],"about":[{"href":"https:\/\/egypuppy.com\/ar\/wp-json\/wp\/v2\/types\/page"}],"author":[{"embeddable":true,"href":"https:\/\/egypuppy.com\/ar\/wp-json\/wp\/v2\/users\/226"}],"replies":[{"embeddable":true,"href":"https:\/\/egypuppy.com\/ar\/wp-json\/wp\/v2\/comments?post=36348"}],"version-history":[{"count":0,"href":"https:\/\/egypuppy.com\/ar\/wp-json\/wp\/v2\/pages\/36348\/revisions"}],"wp:attachment":[{"href":"https:\/\/egypuppy.com\/ar\/wp-json\/wp\/v2\/media?parent=36348"}],"curies":[{"name":"wp","href":"https:\/\/api.w.org\/{rel}","templated":true}]}}